{"id":15,"date":"2024-09-19T14:28:51","date_gmt":"2024-09-19T17:28:51","guid":{"rendered":"https:\/\/resitol.com.br\/?page_id=15"},"modified":"2024-10-30T15:04:28","modified_gmt":"2024-10-30T18:04:28","slug":"sustentabilidade","status":"publish","type":"page","link":"https:\/\/resitol.com.br\/?page_id=15","title":{"rendered":"Sustentabilidade"},"content":{"rendered":"\t\t<div data-elementor-type=\"wp-page\" data-elementor-id=\"15\" class=\"elementor elementor-15\">\n\t\t\t\t<div class=\"elementor-element elementor-element-b2674cc e-flex e-con-boxed e-con e-parent\" data-id=\"b2674cc\" data-element_type=\"container\">\n\t\t\t\t\t<div class=\"e-con-inner\">\n\t\t\t\t<div class=\"elementor-element elementor-element-dd9f755 elementor-widget elementor-widget-image\" data-id=\"dd9f755\" data-element_type=\"widget\" data-widget_type=\"image.default\">\n\t\t\t\t<div class=\"elementor-widget-container\">\n\t\t\t\t\t\t\t\t\t\t\t\t\t<img fetchpriority=\"high\" decoding=\"async\" width=\"1368\" height=\"677\" src=\"https:\/\/resitol.com.br\/wp-content\/uploads\/2024\/09\/sustentabilidadeImg1.jpg\" class=\"attachment-full size-full wp-image-104\" alt=\"\" srcset=\"https:\/\/resitol.com.br\/wp-content\/uploads\/2024\/09\/sustentabilidadeImg1.jpg 1368w, https:\/\/resitol.com.br\/wp-content\/uploads\/2024\/09\/sustentabilidadeImg1-300x148.jpg 300w, https:\/\/resitol.com.br\/wp-content\/uploads\/2024\/09\/sustentabilidadeImg1-1024x507.jpg 1024w, https:\/\/resitol.com.br\/wp-content\/uploads\/2024\/09\/sustentabilidadeImg1-768x380.jpg 768w\" sizes=\"(max-width: 1368px) 100vw, 1368px\" \/>\t\t\t\t\t\t\t\t\t\t\t\t\t<\/div>\n\t\t\t\t<\/div>\n\t\t\t\t\t<\/div>\n\t\t\t\t<\/div>\n\t\t<div class=\"elementor-element elementor-element-9d4a18a e-flex e-con-boxed e-con e-parent\" data-id=\"9d4a18a\" data-element_type=\"container\" data-settings=\"{&quot;background_background&quot;:&quot;classic&quot;}\">\n\t\t\t\t\t<div class=\"e-con-inner\">\n\t\t\t\t<div class=\"elementor-element elementor-element-6ea2ddd elementor-widget__width-initial elementor-widget elementor-widget-text-editor\" data-id=\"6ea2ddd\" data-element_type=\"widget\" data-widget_type=\"text-editor.default\">\n\t\t\t\t<div class=\"elementor-widget-container\">\n\t\t\t\t\t\t\tA Responsabilidade Ambiental \u00e9 um dos pontos inegoci\u00e1veis de nossa empresa: <br>\n<span style=\"color: #0096e0;\">cuidamos de voc\u00ea, mas tamb\u00e9m da natureza.<\/span>\t\t\t\t\t\t<\/div>\n\t\t\t\t<\/div>\n\t\t\t\t\t<\/div>\n\t\t\t\t<\/div>\n\t\t<div class=\"elementor-element elementor-element-79e0995 e-flex e-con-boxed e-con e-parent\" data-id=\"79e0995\" data-element_type=\"container\">\n\t\t\t\t\t<div class=\"e-con-inner\">\n\t\t\t\t<div class=\"elementor-element elementor-element-50ca060 elementor-widget elementor-widget-text-editor\" data-id=\"50ca060\" data-element_type=\"widget\" data-widget_type=\"text-editor.default\">\n\t\t\t\t<div class=\"elementor-widget-container\">\n\t\t\t\t\t\t\tAdotamos pr\u00e1ticas e processos que minimizam o impacto ambiental, promovendo a responsabilidade ecol\u00f3gica em todas as etapas de produ\u00e7\u00e3o. Nosso compromisso com a sustentabilidade se reflete em nossas opera\u00e7\u00f5es, produtos e iniciativas, visando criar um futuro mais verde e saud\u00e1vel.\t\t\t\t\t\t<\/div>\n\t\t\t\t<\/div>\n\t\t\t\t\t<\/div>\n\t\t\t\t<\/div>\n\t\t<div class=\"elementor-element elementor-element-d6c4acc e-flex e-con-boxed e-con e-parent\" data-id=\"d6c4acc\" data-element_type=\"container\">\n\t\t\t\t\t<div class=\"e-con-inner\">\n\t\t<div class=\"elementor-element elementor-element-5f0207b e-con-full e-flex e-con e-child\" data-id=\"5f0207b\" data-element_type=\"container\">\n\t\t\t\t<div class=\"elementor-element elementor-element-06c70c7 elementor-widget elementor-widget-heading\" data-id=\"06c70c7\" data-element_type=\"widget\" data-widget_type=\"heading.default\">\n\t\t\t\t<div class=\"elementor-widget-container\">\n\t\t\t<h2 class=\"elementor-heading-title elementor-size-default\">Utiliza\u00e7\u00e3o de Subprodutos:<\/h2>\t\t<\/div>\n\t\t\t\t<\/div>\n\t\t\t\t<div class=\"elementor-element elementor-element-874804a elementor-widget elementor-widget-text-editor\" data-id=\"874804a\" data-element_type=\"widget\" data-widget_type=\"text-editor.default\">\n\t\t\t\t<div class=\"elementor-widget-container\">\n\t\t\t\t\t\t\tA Resitol transforma subprodutos da ind\u00fastria de papel e celulose, como o Tall Oil, em recursos valiosos. Isso reduz o desperd\u00edcio e maximiza a efici\u00eancia dos recursos naturais.\t\t\t\t\t\t<\/div>\n\t\t\t\t<\/div>\n\t\t\t\t<\/div>\n\t\t<div class=\"elementor-element elementor-element-a02e610 e-con-full e-flex e-con e-child\" data-id=\"a02e610\" data-element_type=\"container\">\n\t\t\t\t<div class=\"elementor-element elementor-element-548d522 elementor-widget elementor-widget-image\" data-id=\"548d522\" data-element_type=\"widget\" data-widget_type=\"image.default\">\n\t\t\t\t<div class=\"elementor-widget-container\">\n\t\t\t\t\t\t\t\t\t\t\t\t\t<img decoding=\"async\" width=\"556\" height=\"374\" src=\"https:\/\/resitol.com.br\/wp-content\/uploads\/2024\/09\/sustentabilidadeImg2.jpg\" class=\"attachment-full size-full wp-image-105\" alt=\"\" srcset=\"https:\/\/resitol.com.br\/wp-content\/uploads\/2024\/09\/sustentabilidadeImg2.jpg 556w, https:\/\/resitol.com.br\/wp-content\/uploads\/2024\/09\/sustentabilidadeImg2-300x202.jpg 300w, https:\/\/resitol.com.br\/wp-content\/uploads\/2024\/09\/sustentabilidadeImg2-380x255.jpg 380w\" sizes=\"(max-width: 556px) 100vw, 556px\" \/>\t\t\t\t\t\t\t\t\t\t\t\t\t<\/div>\n\t\t\t\t<\/div>\n\t\t\t\t<\/div>\n\t\t\t\t\t<\/div>\n\t\t\t\t<\/div>\n\t\t<div class=\"elementor-element elementor-element-9df8a70 e-flex e-con-boxed e-con e-parent\" data-id=\"9df8a70\" data-element_type=\"container\">\n\t\t\t\t\t<div class=\"e-con-inner\">\n\t\t<div class=\"elementor-element elementor-element-de1e82c e-con-full e-flex e-con e-child\" data-id=\"de1e82c\" data-element_type=\"container\">\n\t\t\t\t<div class=\"elementor-element elementor-element-7eecac7 elementor-widget elementor-widget-heading\" data-id=\"7eecac7\" data-element_type=\"widget\" data-widget_type=\"heading.default\">\n\t\t\t\t<div class=\"elementor-widget-container\">\n\t\t\t<h2 class=\"elementor-heading-title elementor-size-default\">Energia Renov\u00e1vel:<\/h2>\t\t<\/div>\n\t\t\t\t<\/div>\n\t\t\t\t<div class=\"elementor-element elementor-element-22464d0 elementor-widget elementor-widget-text-editor\" data-id=\"22464d0\" data-element_type=\"widget\" data-widget_type=\"text-editor.default\">\n\t\t\t\t<div class=\"elementor-widget-container\">\n\t\t\t\t\t\t\tA empresa investe em fontes de energia renov\u00e1vel para alimentar suas opera\u00e7\u00f5es, reduzindo a depend\u00eancia de combust\u00edveis f\u00f3sseis e diminuindo as emiss\u00f5es de gases de efeito estufa.\t\t\t\t\t\t<\/div>\n\t\t\t\t<\/div>\n\t\t\t\t<\/div>\n\t\t<div class=\"elementor-element elementor-element-997cd58 e-con-full e-flex e-con e-child\" data-id=\"997cd58\" data-element_type=\"container\">\n\t\t\t\t<div class=\"elementor-element elementor-element-7cf5fb8 elementor-widget elementor-widget-image\" data-id=\"7cf5fb8\" data-element_type=\"widget\" data-widget_type=\"image.default\">\n\t\t\t\t<div class=\"elementor-widget-container\">\n\t\t\t\t\t\t\t\t\t\t\t\t\t<img decoding=\"async\" width=\"556\" height=\"374\" src=\"https:\/\/resitol.com.br\/wp-content\/uploads\/2024\/09\/sustentabilidadeImg3.jpg\" class=\"attachment-full size-full wp-image-106\" alt=\"\" srcset=\"https:\/\/resitol.com.br\/wp-content\/uploads\/2024\/09\/sustentabilidadeImg3.jpg 556w, https:\/\/resitol.com.br\/wp-content\/uploads\/2024\/09\/sustentabilidadeImg3-300x202.jpg 300w, https:\/\/resitol.com.br\/wp-content\/uploads\/2024\/09\/sustentabilidadeImg3-380x255.jpg 380w\" sizes=\"(max-width: 556px) 100vw, 556px\" \/>\t\t\t\t\t\t\t\t\t\t\t\t\t<\/div>\n\t\t\t\t<\/div>\n\t\t\t\t<\/div>\n\t\t\t\t\t<\/div>\n\t\t\t\t<\/div>\n\t\t<div class=\"elementor-element elementor-element-62c86fa e-flex e-con-boxed e-con e-parent\" data-id=\"62c86fa\" data-element_type=\"container\">\n\t\t\t\t\t<div class=\"e-con-inner\">\n\t\t<div class=\"elementor-element elementor-element-8050525 e-con-full e-flex e-con e-child\" data-id=\"8050525\" data-element_type=\"container\">\n\t\t\t\t<div class=\"elementor-element elementor-element-5216456 elementor-widget elementor-widget-heading\" data-id=\"5216456\" data-element_type=\"widget\" data-widget_type=\"heading.default\">\n\t\t\t\t<div class=\"elementor-widget-container\">\n\t\t\t<h2 class=\"elementor-heading-title elementor-size-default\">Tecnologias Limpa:<\/h2>\t\t<\/div>\n\t\t\t\t<\/div>\n\t\t\t\t<div class=\"elementor-element elementor-element-621fe76 elementor-widget elementor-widget-text-editor\" data-id=\"621fe76\" data-element_type=\"widget\" data-widget_type=\"text-editor.default\">\n\t\t\t\t<div class=\"elementor-widget-container\">\n\t\t\t\t\t\t\t\u00a0A Resitol utiliza tecnologias avan\u00e7adas que minimizam o consumo de \u00e1gua e energia, al\u00e9m de reduzir a gera\u00e7\u00e3o de res\u00edduos e emiss\u00f5es poluentes.\t\t\t\t\t\t<\/div>\n\t\t\t\t<\/div>\n\t\t\t\t<\/div>\n\t\t<div class=\"elementor-element elementor-element-bac9d11 e-con-full e-flex e-con e-child\" data-id=\"bac9d11\" data-element_type=\"container\">\n\t\t\t\t<div class=\"elementor-element elementor-element-f6ca5e5 elementor-widget elementor-widget-image\" data-id=\"f6ca5e5\" data-element_type=\"widget\" data-widget_type=\"image.default\">\n\t\t\t\t<div class=\"elementor-widget-container\">\n\t\t\t\t\t\t\t\t\t\t\t\t\t<img loading=\"lazy\" decoding=\"async\" width=\"556\" height=\"374\" src=\"https:\/\/resitol.com.br\/wp-content\/uploads\/2024\/09\/sustentabilidadeImg4.jpg\" class=\"attachment-full size-full wp-image-107\" alt=\"\" srcset=\"https:\/\/resitol.com.br\/wp-content\/uploads\/2024\/09\/sustentabilidadeImg4.jpg 556w, https:\/\/resitol.com.br\/wp-content\/uploads\/2024\/09\/sustentabilidadeImg4-300x202.jpg 300w, https:\/\/resitol.com.br\/wp-content\/uploads\/2024\/09\/sustentabilidadeImg4-380x255.jpg 380w\" sizes=\"(max-width: 556px) 100vw, 556px\" \/>\t\t\t\t\t\t\t\t\t\t\t\t\t<\/div>\n\t\t\t\t<\/div>\n\t\t\t\t<\/div>\n\t\t\t\t\t<\/div>\n\t\t\t\t<\/div>\n\t\t<div class=\"elementor-element elementor-element-66cf3b2 e-flex e-con-boxed e-con e-parent\" data-id=\"66cf3b2\" data-element_type=\"container\" data-settings=\"{&quot;background_background&quot;:&quot;classic&quot;}\">\n\t\t\t\t\t<div class=\"e-con-inner\">\n\t\t<div class=\"elementor-element elementor-element-1a2f50e e-con-full e-flex e-con e-child\" data-id=\"1a2f50e\" data-element_type=\"container\">\n\t\t\t\t<div class=\"elementor-element elementor-element-7983bc4 elementor-widget elementor-widget-image\" data-id=\"7983bc4\" data-element_type=\"widget\" data-widget_type=\"image.default\">\n\t\t\t\t<div class=\"elementor-widget-container\">\n\t\t\t\t\t\t\t\t\t\t\t\t\t<img loading=\"lazy\" decoding=\"async\" width=\"311\" height=\"616\" src=\"https:\/\/resitol.com.br\/wp-content\/uploads\/2024\/10\/sustentabilidadeImg5N.png\" class=\"attachment-full size-full wp-image-426\" alt=\"\" srcset=\"https:\/\/resitol.com.br\/wp-content\/uploads\/2024\/10\/sustentabilidadeImg5N.png 311w, https:\/\/resitol.com.br\/wp-content\/uploads\/2024\/10\/sustentabilidadeImg5N-151x300.png 151w\" sizes=\"(max-width: 311px) 100vw, 311px\" \/>\t\t\t\t\t\t\t\t\t\t\t\t\t<\/div>\n\t\t\t\t<\/div>\n\t\t\t\t<\/div>\n\t\t<div class=\"elementor-element elementor-element-124bc49 e-con-full e-flex e-con e-child\" data-id=\"124bc49\" data-element_type=\"container\">\n\t\t\t\t<div class=\"elementor-element elementor-element-450376f elementor-widget elementor-widget-text-editor\" data-id=\"450376f\" data-element_type=\"widget\" data-widget_type=\"text-editor.default\">\n\t\t\t\t<div class=\"elementor-widget-container\">\n\t\t\t\t\t\t\tUm produto vers\u00e1til e renov\u00e1vel que oferece alternativas sustent\u00e1veis a muitos produtos petroqu\u00edmicos. Sua produ\u00e7\u00e3o e uso promovem a conserva\u00e7\u00e3o de recursos \ne a redu\u00e7\u00e3o de impacto ambiental.\t\t\t\t\t\t<\/div>\n\t\t\t\t<\/div>\n\t\t\t\t<div class=\"elementor-element elementor-element-2fac4a1 elementor-widget elementor-widget-heading\" data-id=\"2fac4a1\" data-element_type=\"widget\" data-widget_type=\"heading.default\">\n\t\t\t\t<div class=\"elementor-widget-container\">\n\t\t\t<h2 class=\"elementor-heading-title elementor-size-default\">PENSAMOS TAMB\u00c9M EM VOC\u00ca!\u00a0<\/h2>\t\t<\/div>\n\t\t\t\t<\/div>\n\t\t\t\t<\/div>\n\t\t\t\t\t<\/div>\n\t\t\t\t<\/div>\n\t\t\t\t<\/div>\n\t\t","protected":false},"excerpt":{"rendered":"<p>A Responsabilidade Ambiental \u00e9 um dos pontos inegoci\u00e1veis de nossa empresa: cuidamos de voc\u00ea, mas tamb\u00e9m da natureza.Adotamos pr\u00e1ticas e processos que minimizam o impacto ambiental, promovendo a responsabilidade ecol\u00f3gica em todas as etapas de produ\u00e7\u00e3o. Nosso compromisso com a sustentabilidade se reflete em nossas opera\u00e7\u00f5es, produtos e iniciativas, visando<\/p>\n","protected":false},"author":1,"featured_media":0,"parent":0,"menu_order":0,"comment_status":"closed","ping_status":"closed","template":"elementor_header_footer","meta":{"_joinchat":[],"footnotes":""},"class_list":["post-15","page","type-page","status-publish","hentry"],"_links":{"self":[{"href":"https:\/\/resitol.com.br\/index.php?rest_route=\/wp\/v2\/pages\/15","targetHints":{"allow":["GET"]}}],"collection":[{"href":"https:\/\/resitol.com.br\/index.php?rest_route=\/wp\/v2\/pages"}],"about":[{"href":"https:\/\/resitol.com.br\/index.php?rest_route=\/wp\/v2\/types\/page"}],"author":[{"embeddable":true,"href":"https:\/\/resitol.com.br\/index.php?rest_route=\/wp\/v2\/users\/1"}],"replies":[{"embeddable":true,"href":"https:\/\/resitol.com.br\/index.php?rest_route=%2Fwp%2Fv2%2Fcomments&post=15"}],"version-history":[{"count":32,"href":"https:\/\/resitol.com.br\/index.php?rest_route=\/wp\/v2\/pages\/15\/revisions"}],"predecessor-version":[{"id":518,"href":"https:\/\/resitol.com.br\/index.php?rest_route=\/wp\/v2\/pages\/15\/revisions\/518"}],"wp:attachment":[{"href":"https:\/\/resitol.com.br\/index.php?rest_route=%2Fwp%2Fv2%2Fmedia&parent=15"}],"curies":[{"name":"wp","href":"https:\/\/api.w.org\/{rel}","templated":true}]}}